{"id":208,"date":"2013-10-29T10:46:24","date_gmt":"2013-10-29T09:46:24","guid":{"rendered":"http:\/\/www.calcoloratamutuo.org\/guida\/?page_id=208"},"modified":"2013-10-29T10:46:24","modified_gmt":"2013-10-29T09:46:24","slug":"conto-cointestato-segnalazione-crif","status":"publish","type":"page","link":"http:\/\/www.calcoloratamutuo.org\/guida\/conto-cointestato-segnalazione-crif","title":{"rendered":"Conto cointestato e richiesta mutuo: problemi con segnalazione Crif"},"content":{"rendered":"<h1>Domanda<\/h1>\n<p><em>Salve, il mio fidanzato, con il quale convivo da diverso tempo,  vorrebbe acquistare una casa. Premetto che non abbiamo la stessa residenza e l\u2019unica cosa che abbiamo in comune \u00e8 un  conto corrente cointestato. Io ho avuto una segnalazione alla Crif a causa dell\u2019uso della carta di credito. La segnalazione c\u2019\u00e8 tutt\u2019ora, ma in ogni caso il mutuo verrebbe intestato solo dal mio ragazzo. Volevo sapere se ci potevano essere dei problemi e come comportarmi. <\/p>\n<p>Grazie<\/em><\/p>\n<h1>Risposta<\/h1>\n<p>Per dare una risposta precisa mancano un po di dati importanti. Per prima cosa solo il mutuo o anche la casa verrebbe intestata solo dal fidanzato? Nel caso in cui le due intestazioni (immobile e mutuo) interesseranno solo lui, allora la pratica \u00e8 molto pi\u00f9 semplice, ragion per cui \u00e8 utile che non ci sia la stessa residenza altrimenti entrambi risultereste sullo stesso stato di famiglia. <\/p>\n<p>Tuttavia il <strong>conto corrente cointestato<\/strong>, specialmente se c\u2019\u00e8 l\u2019accredito dello stipendio, porter\u00e0  con molta probabilit\u00e0 a un controllo della Crif di tutti gli intestatari. Di per s\u00e9 questo aspetto, se c\u2019\u00e8 una situazione reddituale solida e le garanzie presentate alla banca sono sufficienti, non costituirebbero un problema, ma in situazioni un po pi\u00f9 al limite potrebbero spostare la <strong>pratica di mutuo<\/strong> verso una situazione pi\u00f9 problematica.<\/p>\n<p>In questo caso, si potrebbe rassicurare la banca erogante impegnandosi all\u2019apertura di un conto corrente, non cointestato, dove fare l\u2019accredito dello stipendio e l\u2019addebito della rid del pagamento (che anche se non obbligatoria \u00e8 sempre molto ben vista). Nulla impedisce, dopo qualche mese, un nuovo cambio di conto se lo richiedono le esigenze specifiche. <\/p>\n<p>In ogni caso, riguardo alla <strong>segnalazione della Crif<\/strong>, il Garante per la privacy \u00e8 intervenuto pi\u00f9 volte ricordando che i tempi perch\u00e9 la segnalazione rimanga in Crif variano da 12 a 24 mesi (a seconda dell\u2019omissione) e che dopo deve avvenire la cancellazione automatica (spesso bisogna comunque attivarsi per richiedere la cancellazione a causa del lassismo del sistema stesso). Per cui bisognerebbe vedere se i termini necessari per ottenere la cancellazione sono effettivamente trascorsi cos\u00ec da poter affrontare qualsiasi altro impegno con maggiore tranquillit\u00e0.  <\/p>\n","protected":false},"excerpt":{"rendered":"<p>Domanda Salve, il mio fidanzato, con il quale convivo da diverso tempo, vorrebbe acquistare una casa. Premetto che non abbiamo<a class=\"read-more\" href=\"http:\/\/www.calcoloratamutuo.org\/guida\/conto-cointestato-segnalazione-crif\">Continua a leggere<\/a><\/p>\n","protected":false},"author":1,"featured_media":0,"parent":0,"menu_order":0,"comment_status":"open","ping_status":"open","template":"","meta":[],"_links":{"self":[{"href":"http:\/\/www.calcoloratamutuo.org\/guida\/wp-json\/wp\/v2\/pages\/208"}],"collection":[{"href":"http:\/\/www.calcoloratamutuo.org\/guida\/wp-json\/wp\/v2\/pages"}],"about":[{"href":"http:\/\/www.calcoloratamutuo.org\/guida\/wp-json\/wp\/v2\/types\/page"}],"author":[{"embeddable":true,"href":"http:\/\/www.calcoloratamutuo.org\/guida\/wp-json\/wp\/v2\/users\/1"}],"replies":[{"embeddable":true,"href":"http:\/\/www.calcoloratamutuo.org\/guida\/wp-json\/wp\/v2\/comments?post=208"}],"version-history":[{"count":2,"href":"http:\/\/www.calcoloratamutuo.org\/guida\/wp-json\/wp\/v2\/pages\/208\/revisions"}],"predecessor-version":[{"id":210,"href":"http:\/\/www.calcoloratamutuo.org\/guida\/wp-json\/wp\/v2\/pages\/208\/revisions\/210"}],"wp:attachment":[{"href":"http:\/\/www.calcoloratamutuo.org\/guida\/wp-json\/wp\/v2\/media?parent=208"}],"curies":[{"name":"wp","href":"https:\/\/api.w.org\/{rel}","templated":true}]}}