{"id":2488,"date":"2015-10-16T12:18:48","date_gmt":"2015-10-16T10:18:48","guid":{"rendered":"http:\/\/www.calcoloratamutuo.org\/guida\/?page_id=2488"},"modified":"2015-10-16T12:39:02","modified_gmt":"2015-10-16T10:39:02","slug":"spese-surroga-mutuo","status":"publish","type":"page","link":"http:\/\/www.calcoloratamutuo.org\/guida\/spese-surroga-mutuo","title":{"rendered":"Quali sono le spese di surroga mutuo? Consigli ed alternative"},"content":{"rendered":"<h1>Domanda<\/h1>\n<p><em>Buongiorno,<br \/>\nSe in fase di chiusura di una surroga la disdico perch\u00e9 la mia banca mi ripropone una variazione ancora pi\u00f9 conveniente della surroga stessa, devo farmi carico della periziao di altre spese?<\/em><br \/>\n<em><br \/>\nCordiali saluti<\/em><\/p>\n<h1>Risposta<\/h1>\n<p>La situazione cambia a seconda del tipo di ente o istituto coinvolto nell\u2019operazione di surroga, ad esempio <strong>Inpdap<\/strong> piuttosto che una banca privata, e delle condizioni contrattuali previste dal prodotto proposto. <\/p>\n<p>Infatti dopo una prima fase in cui le banche si sono date battaglia per conquistare nuovi clienti, con uno sforzo minimo, pubblicizzando delle spese per la surroga del mutuo nulle, la situazione si \u00e8 placata trovando una equilibrio intorno al fatto che la banca che perde clienti subisce una \u201cperdita\u201d e chi acquista un nuovo cliente, deve fare attenzione all\u2019ipotesi di un potenziale surrogatore definito \u2018seriale\u2019, andando incontro a sua volta ad una perdita a causa delle <a href=\"http:\/\/www.calcoloratamutuo.org\/guida\/perizia-stima-notarile\"><strong>spese notarili e di perizia<\/strong><\/a>, ecc di cui si deve far carico. <\/p>\n<p>E\u2019, tra l\u2019altro, un\u2019ipotesi sempre pi\u00f9 presente, quella che vede una banca, che sta per essere lasciata da un cliente deciso a traslocare presso un istituto con condizioni migliori, disposta a rivedere le condizioni applicate cos\u00ec da ridurre il guadagno, rispetto alle condizioni originariamente pattuite, ma senza andare incontro alla perdita dell\u2019intero guadagno che ne deriverebbe con il suo abbandono. <\/p>\n<p>Allo stesso modo \u00e8 cresciuto il numero di banche che prevedono, nel caso di surroga, il pagamento del costo non solo delle spese di perizia (vedi anche <a href=\"http:\/\/www.calcoloratamutuo.org\/guida\/spese-mutuo\"><strong>Spese mutuo<\/strong><\/a>), ma anche quelle di <strong>istruttoria<\/strong> (a volte dimezzate in caso di rinuncia). Le spese notarili verranno \u2018sborsate\u2019 dalla banca solo a conclusione del contratto stesso per cui non vanno messe a carico del potenziale surrogatore rinunciatario. Questa situazione pu\u00f2 portare a pensare come la situazione non sia rosea, mentre al contrario pu\u00f2 rappresentare un\u2019occasione valida di risparmio. <\/p>\n<p>E\u2019 sufficiente anticipare l\u2019iter da affrontare facendo semplicemente due cose:  un preventivo da un istituto di credito che propone condizioni migliori e presentarsi poi alla propria banca per vedere se ci sono i margini per <a href=\"http:\/\/www.calcoloratamutuo.org\/guida\/rinegoziare\"><strong>procedere ad una rinegoziazione<\/strong><\/a>. In caso di risposta negativa si procede con l\u2019altra banca in modo deciso, perch\u00e9 ormai pi\u00f9 della met\u00e0 delle banche garantiscono la <strong>gratuit\u00e0 della surroga<\/strong> solo se questa si conclude con esito positivo od, in caso di diniego, se ci\u00f2 non \u00e8 imputabile alla volont\u00e0 di recesso del richiedente. Saluti<\/p>\n","protected":false},"excerpt":{"rendered":"<p>Domanda Buongiorno, Se in fase di chiusura di una surroga la disdico perch\u00e9 la mia banca mi ripropone una variazione<a class=\"read-more\" href=\"http:\/\/www.calcoloratamutuo.org\/guida\/spese-surroga-mutuo\">Continua a leggere<\/a><\/p>\n","protected":false},"author":1,"featured_media":0,"parent":0,"menu_order":0,"comment_status":"closed","ping_status":"closed","template":"","meta":[],"_links":{"self":[{"href":"http:\/\/www.calcoloratamutuo.org\/guida\/wp-json\/wp\/v2\/pages\/2488"}],"collection":[{"href":"http:\/\/www.calcoloratamutuo.org\/guida\/wp-json\/wp\/v2\/pages"}],"about":[{"href":"http:\/\/www.calcoloratamutuo.org\/guida\/wp-json\/wp\/v2\/types\/page"}],"author":[{"embeddable":true,"href":"http:\/\/www.calcoloratamutuo.org\/guida\/wp-json\/wp\/v2\/users\/1"}],"replies":[{"embeddable":true,"href":"http:\/\/www.calcoloratamutuo.org\/guida\/wp-json\/wp\/v2\/comments?post=2488"}],"version-history":[{"count":7,"href":"http:\/\/www.calcoloratamutuo.org\/guida\/wp-json\/wp\/v2\/pages\/2488\/revisions"}],"predecessor-version":[{"id":2500,"href":"http:\/\/www.calcoloratamutuo.org\/guida\/wp-json\/wp\/v2\/pages\/2488\/revisions\/2500"}],"wp:attachment":[{"href":"http:\/\/www.calcoloratamutuo.org\/guida\/wp-json\/wp\/v2\/media?parent=2488"}],"curies":[{"name":"wp","href":"https:\/\/api.w.org\/{rel}","templated":true}]}}