{"id":2496,"date":"2015-10-16T12:41:58","date_gmt":"2015-10-16T10:41:58","guid":{"rendered":"http:\/\/www.calcoloratamutuo.org\/guida\/?page_id=2496"},"modified":"2022-07-08T10:45:36","modified_gmt":"2022-07-08T08:45:36","slug":"garante-puo-chiedere-mutuo","status":"publish","type":"page","link":"http:\/\/www.calcoloratamutuo.org\/guida\/garante-puo-chiedere-mutuo","title":{"rendered":"Un garante mutuo pu\u00f2 chiedere un mutuo: quali soluzioni?"},"content":{"rendered":"<h1>Domanda<\/h1>\n<p><em>Buongiorno,<br \/>\nSono garante per un prestito richiesto da mio genero che all\u2019epoca non percepiva uno stipendio . Oggi lavora a tempo determinato, come posso togliermi da garante? Ho qualche possibilit\u00e0 o alternativa?<\/em><\/p>\n<p><em>Saluti<\/em><\/p>\n<h1>Risposta<\/h1>\n<p>Purtroppo la posizione del garante \u00e8 sempre molto scomoda. Ci sono enormi difficolt\u00e0 per liberarsi da queste situazioni e, non a caso, una delle domande pi\u00f9 ricorrenti \u00e8 <strong>se un garante di un mutuo pu\u00f2 chiedere un mutuo<\/strong> a suo nome come intestatario, a causa della riduzione della quota di reddito che pu\u00f2 essere destinata al pagamento delle nuove rate da rimborsare. <\/p>\n<p>Tornando alla domanda il fatto che ora suo genero abbia un lavoro, e che questo sia <strong>a tempo determinato<\/strong>, non depone a favore di un possibile alleggerimento dello stato di garanzie offerte, in principio alla banca, la quale ha considerato la richiesta di prestito accettabile ritenendo lei, in qualit\u00e0 di garante, il soggetto che dava il giusto livello di affidabilit\u00e0 per dare il via libera alla pratica. <\/p>\n<p>L\u2019unica potenziale situazione che potreste tentare di percorrere \u00e8 quella di una <strong>richiesta di un nuovo prestito<\/strong> (ad esempio un Prestito BNL), corrispondente al capitale residuo ancora da rimborsare. Una soluzione per la quale per\u00f2 possono esserci delle grandi limitazioni a causa della esiguit\u00e0 delle offerte di questo genere disponibili sul mercato sia pubblico (come ad esempio con l\u2019<strong>Inpdap<\/strong>) che privato. In particolare \u00e8 inutile rivolgersi a quelle banche che non dispongano di prodotti ad hoc. <\/p>\n<p>Un\u2019altra possibile via, se suo genero ha un immobile di propriet\u00e0 da dare eventualmente in garanzia, \u00e8 quella di una richiesta di un <a href=\"http:\/\/www.calcoloratamutuo.org\/guida\/mutui-di-liquidita\"><strong>mutuo di liquidit\u00e0<\/strong><\/a>, cos\u00ec da rafforzare l\u2019affidabilit\u00e0 reddituale, che a fronte di un contratto che potrebbe non essere rinnovato (al di l\u00e0 dell\u2019importo mensilmente ora percepito), non \u00e8 vista di buon occhio. Oppure, se non c\u2019\u00e8 la volont\u00e0 o la disponibilit\u00e0 di tentare questa via, e se si hanno degli ottimi rapporti con la banca presso la quale \u00e8 attivo il finanziamento (da valutare anche in funzione del capitale residuo e della durata), ci si pu\u00f2 accordare con l\u2019estinzione di quello in corso tramite la richiesta di un <a href=\"http:\/\/www.calcoloratamutuo.org\/guida\/prestito-cambializzato\"><strong>prestito cambializzato<\/strong><\/a> (con durata la massimo coincidente con quella della durata residua del contratto di lavoro). Buona fortuna!<\/p>\n","protected":false},"excerpt":{"rendered":"<p>Domanda Buongiorno, Sono garante per un prestito richiesto da mio genero che all\u2019epoca non percepiva uno stipendio . Oggi lavora<a class=\"read-more\" href=\"http:\/\/www.calcoloratamutuo.org\/guida\/garante-puo-chiedere-mutuo\">Continua a leggere<\/a><\/p>\n","protected":false},"author":1,"featured_media":0,"parent":0,"menu_order":0,"comment_status":"closed","ping_status":"closed","template":"","meta":[],"_links":{"self":[{"href":"http:\/\/www.calcoloratamutuo.org\/guida\/wp-json\/wp\/v2\/pages\/2496"}],"collection":[{"href":"http:\/\/www.calcoloratamutuo.org\/guida\/wp-json\/wp\/v2\/pages"}],"about":[{"href":"http:\/\/www.calcoloratamutuo.org\/guida\/wp-json\/wp\/v2\/types\/page"}],"author":[{"embeddable":true,"href":"http:\/\/www.calcoloratamutuo.org\/guida\/wp-json\/wp\/v2\/users\/1"}],"replies":[{"embeddable":true,"href":"http:\/\/www.calcoloratamutuo.org\/guida\/wp-json\/wp\/v2\/comments?post=2496"}],"version-history":[{"count":6,"href":"http:\/\/www.calcoloratamutuo.org\/guida\/wp-json\/wp\/v2\/pages\/2496\/revisions"}],"predecessor-version":[{"id":9992,"href":"http:\/\/www.calcoloratamutuo.org\/guida\/wp-json\/wp\/v2\/pages\/2496\/revisions\/9992"}],"wp:attachment":[{"href":"http:\/\/www.calcoloratamutuo.org\/guida\/wp-json\/wp\/v2\/media?parent=2496"}],"curies":[{"name":"wp","href":"https:\/\/api.w.org\/{rel}","templated":true}]}}