{"id":2504,"date":"2015-10-16T13:51:46","date_gmt":"2015-10-16T11:51:46","guid":{"rendered":"http:\/\/www.calcoloratamutuo.org\/guida\/?page_id=2504"},"modified":"2015-10-16T13:51:46","modified_gmt":"2015-10-16T11:51:46","slug":"rapporto-rata-reddito","status":"publish","type":"page","link":"http:\/\/www.calcoloratamutuo.org\/guida\/rapporto-rata-reddito","title":{"rendered":"Rapporto rata reddito mutuo: cosa guarda la banca?"},"content":{"rendered":"<h1>Domanda<\/h1>\n<p><em>Buongiorno,<br \/>\ndovrei stipulare un mutuo ma la banca mi dice che per il <strong>rapporto rata reddito<\/strong> non ci rientro.<br \/>\nNel 2014 il mio reddito netto era di \u20ac 1.150,00 per 12 mensilit\u00e0, da dicembre 2014 (dopo una promozione) il mio reddito netto \u00e8 pari ad \u20ac 1.300,00 per 14 mensilit\u00e0. Il valore dell\u2019immobile \u00e8 di 93.500 ed io ho richiesto  63.000 euro per una rata (tasso fisso) di \u20ac 287,00 per 25 anni.<br \/>\nE\u2019 possibile? <strong>Devo avere un garante?<\/strong><\/em><\/p>\n<p><em>Cordiali saluti<\/em><\/p>\n<h1>Risposta<\/h1>\n<p>Su un reddito di 1300 euro al mese, pi\u00f9 tredicesima e quattordicesima, il rapporto rata reddito del mutuo, supera i 400 euro mensili, ma oltre a questo parametro la banca prende in considerazione anche altri fattori, che tutti insieme confluiscono all\u2019interno del \u201c<strong>credit scoring<\/strong>\u201d. <\/p>\n<p>Per questa ragione \u00e8 possibile che per la banca una rata nettamente inferiore alla soglia del 33% sia comunque troppo elevata per non andare incontro a rischi di insolvenza nel rimborso delle rate. Poi c\u2019\u00e8 anche da considerare qualche altro aspetto che non \u00e8 menzionato. <strong>Ad esempio lei ha persone (coniuge, genitori, figli, ecc) a carico?<\/strong> In tal caso la capacit\u00e0 reddituale che la banca prende in considerazione per il pagamento della rata si abbassa, per cui non si baser\u00e0 pi\u00f9 sui 1300 euro netti, ma su una cifra minore decurtata di quote prestabilite. <\/p>\n<p><em>Inoltre il reddito \u00e8 in parte composto da straordinari?<\/em> Perch\u00e9 anche in questo caso sono applicati coefficienti che ne riducono la portata, non avendo carattere costante, ma essendo contingenti alle situazioni (un problema molto sentito soprattutto da coloro che lavorano di notte). Poi si deve anche controllare se lei ha in corso finanziamenti, anche solo come garante di qualcun altro: la somma per cui lei garantisce non \u00e8 infatti \u201cdisponibile\u201d per la <a href=\"http:\/\/www.calcoloratamutuo.org\/guida\/valutazione-mutuo\"><strong>valutazione dell\u2019erogazione di un mutuo<\/strong><\/a>, perch\u00e9 mese dopo mese si potrebbe trovare nella situazione di dover rimborsare quanto non pagato dalla persona garantita. <\/p>\n<p>Poi bisogna valutare la sua storia creditizia: chi non ha mai avuto prestiti \u00e8 una vera e propria incognita, per cui la banca diventa ancora pi\u00f9 severa nel giudizio. Ed infine c\u2019\u00e8 anche da considerare l\u2019Istituto di credito: di che banca si tratta? Persino le grandi banche, come ad esempio <strong>Bnl<\/strong>, <strong>Unicredit<\/strong>, <strong>Deutsche Bank<\/strong> e <strong>Intesa Sanpaolo<\/strong> hanno politiche di valutazione estremamente differenti. Quindi ha due alternative: o si rivolge a una banca con una politica di erogazione meno severa (parametri meno stringenti applicati sulle varie voci del credit scoring), <a href=\"http:\/\/www.calcoloratamutuo.org\/guida\/garante-mutuo\"><strong>oppure dovr\u00e0 inserire un garante<\/strong><\/a>.<\/p>\n","protected":false},"excerpt":{"rendered":"<p>Domanda Buongiorno, dovrei stipulare un mutuo ma la banca mi dice che per il rapporto rata reddito non ci rientro.<a class=\"read-more\" href=\"http:\/\/www.calcoloratamutuo.org\/guida\/rapporto-rata-reddito\">Continua a leggere<\/a><\/p>\n","protected":false},"author":1,"featured_media":0,"parent":0,"menu_order":0,"comment_status":"closed","ping_status":"closed","template":"","meta":[],"_links":{"self":[{"href":"http:\/\/www.calcoloratamutuo.org\/guida\/wp-json\/wp\/v2\/pages\/2504"}],"collection":[{"href":"http:\/\/www.calcoloratamutuo.org\/guida\/wp-json\/wp\/v2\/pages"}],"about":[{"href":"http:\/\/www.calcoloratamutuo.org\/guida\/wp-json\/wp\/v2\/types\/page"}],"author":[{"embeddable":true,"href":"http:\/\/www.calcoloratamutuo.org\/guida\/wp-json\/wp\/v2\/users\/1"}],"replies":[{"embeddable":true,"href":"http:\/\/www.calcoloratamutuo.org\/guida\/wp-json\/wp\/v2\/comments?post=2504"}],"version-history":[{"count":3,"href":"http:\/\/www.calcoloratamutuo.org\/guida\/wp-json\/wp\/v2\/pages\/2504\/revisions"}],"predecessor-version":[{"id":2507,"href":"http:\/\/www.calcoloratamutuo.org\/guida\/wp-json\/wp\/v2\/pages\/2504\/revisions\/2507"}],"wp:attachment":[{"href":"http:\/\/www.calcoloratamutuo.org\/guida\/wp-json\/wp\/v2\/media?parent=2504"}],"curies":[{"name":"wp","href":"https:\/\/api.w.org\/{rel}","templated":true}]}}