{"id":2509,"date":"2015-10-16T14:50:03","date_gmt":"2015-10-16T12:50:03","guid":{"rendered":"http:\/\/www.calcoloratamutuo.org\/guida\/?page_id=2509"},"modified":"2015-10-16T14:53:18","modified_gmt":"2015-10-16T12:53:18","slug":"cointestatario-o-garante-mutuo","status":"publish","type":"page","link":"http:\/\/www.calcoloratamutuo.org\/guida\/cointestatario-o-garante-mutuo","title":{"rendered":"Cointestatario o garante mutuo? Differenze ed opportunit\u00e0"},"content":{"rendered":"<h1>Domanda<\/h1>\n<p><em>Salve,<br \/>\nio ed il mio compagno stiamo acquistando la prima casa. Lui ha un lavoro a tempo indeterminato, io un contratto co.co.co con l\u2019universit\u00e0 (scade a 11\/2017).<br \/>\nPensavamo che con un garante (mia mamma, pensionata di 61 anni) non ci sarebbero stati problemi per l\u2019accensione di un mutuo. Il broker che ci sta seguendo nelle pratiche, ci ha per\u00f2 detto che avremmo pi\u00f9 possibilit\u00e0 di ottenere il mutuo, se mia mamma invece di garante fosse <strong>co-intestataria del mutuo<\/strong> (ma non della casa), dicendomi che \u00e8 solo una questione di forma e che non cambia nulla.<br \/>\nPremetto che sono figlia unica e che i miei hanno una casa di propriet\u00e0. La mia domanda \u00e8, se io pago regolarmente il mutuo, per mia mamma essere garante o co-intestataria, cambia qualcosa? So gi\u00e0 che perderei 1\/3 degli <strong>interessi passivi<\/strong>, ma intendo proprio se per lei vi sarebbero delle differenze?!<br \/>\nGrazie mille.<\/em><\/p>\n<h1>Risposta<\/h1>\n<p><strong>Meglio essere nella posizione di cointestatario o garante del mutuo?<\/strong> Sulle differenze di fatto c\u2019\u00e8 un po di confusione, ma dal punto di vista pratico, soprattutto a livello di obblighi, la sostanza non cambia, se non per il fatto che la richiesta da parte della banca dell\u2019intervento del garante avviene solo dopo non aver ottenuto il pagamento da parte dei mutuatari cointestatari (che di fatto sono nella posizione di coobbligati). <\/p>\n<p>Ci\u00f2 che comporta? Alla banca non interessa chi paga, l\u2019importante \u00e8 che la rata mensile, trimestrale o semestrale vanga pagata per intero (basta pensare ad un contratto di mutuo intestato a due coniugi dove uno ha reddito e paga mentre l\u2019altro no). Per quanto riguarda il terzo di interessi passivi che andrebbe perso (vedi anche <a href=\"http:\/\/www.calcoloratamutuo.org\/guida\/piano-ammortamento\"><strong>Piano di ammortamento mutuo<\/strong><\/a>), ci\u00f2 avverrebbe anche se sua madre fosse cointestataria, non avendo, da quanto ho capito, anche una quota di immobile a sua volta intestata. <\/p>\n<p>A questo punto non manca che rispondere ad un\u2019ultima domanda: <strong>perch\u00e9 la banca aumenterebbe la propria predisposizione a concedere il mutuo nel caso in cui sua madre fosse cointestataria?<\/strong> Perch\u00e9 nella valutazione di \u201cmerito\u201d di una pratica di mutuo \u00e8 prassi consolidata (anche se non c\u2019\u00e8 una norma ma proviene dalla prassi stessa) che la banca prenda in considerazione <strong>la forza del rapporto che lega le parti coinvolte<\/strong>. Nel caso specifico il rapporto, con sua madre come garante, sarebbe forte nei suoi confronti, ma non in quelli del suo compagno, nei confronti del quale non c\u2019\u00e8 alcun legame. Per rafforzare questa debolezza, allora si richiede che il garante passi nella posizione di cointestatario, cos\u00ec che tutte le persone coinvolte redditualmente abbiano lo stesso livello di interesse a far s\u00ec che il pagamento sia regolare (vedi anche <a href=\"http:\/\/www.calcoloratamutuo.org\/guida\/ottenere-mutuo-senza-garante\"><strong>Come ottenere un mutuo senza garanzie<\/strong><\/a>). <\/p>\n<p>Paradossalmente se il contratto di mutuo avesse coinvolto solo lei come intestataria e sua madre come garante, con un cumulo di redditi sufficiente, una tale richiesta non sarebbe stata avanzata (oppure in alternativa se lei e il suo compagno foste stati sposati, creando un legame forte di tipo madre\/genero). Comunque, se ci fossero i parametri previsti dalla legge (in primis l\u2019et\u00e0), potrebbe essere utile vedere se si rientra nel <strong>piano casa<\/strong>, che serve soprattutto per alleggerire l\u2019aspetto delle garanzie per le giovani coppie.<\/p>\n","protected":false},"excerpt":{"rendered":"<p>Domanda Salve, io ed il mio compagno stiamo acquistando la prima casa. Lui ha un lavoro a tempo indeterminato, io<a class=\"read-more\" href=\"http:\/\/www.calcoloratamutuo.org\/guida\/cointestatario-o-garante-mutuo\">Continua a leggere<\/a><\/p>\n","protected":false},"author":1,"featured_media":0,"parent":0,"menu_order":0,"comment_status":"closed","ping_status":"closed","template":"","meta":[],"_links":{"self":[{"href":"http:\/\/www.calcoloratamutuo.org\/guida\/wp-json\/wp\/v2\/pages\/2509"}],"collection":[{"href":"http:\/\/www.calcoloratamutuo.org\/guida\/wp-json\/wp\/v2\/pages"}],"about":[{"href":"http:\/\/www.calcoloratamutuo.org\/guida\/wp-json\/wp\/v2\/types\/page"}],"author":[{"embeddable":true,"href":"http:\/\/www.calcoloratamutuo.org\/guida\/wp-json\/wp\/v2\/users\/1"}],"replies":[{"embeddable":true,"href":"http:\/\/www.calcoloratamutuo.org\/guida\/wp-json\/wp\/v2\/comments?post=2509"}],"version-history":[{"count":5,"href":"http:\/\/www.calcoloratamutuo.org\/guida\/wp-json\/wp\/v2\/pages\/2509\/revisions"}],"predecessor-version":[{"id":2515,"href":"http:\/\/www.calcoloratamutuo.org\/guida\/wp-json\/wp\/v2\/pages\/2509\/revisions\/2515"}],"wp:attachment":[{"href":"http:\/\/www.calcoloratamutuo.org\/guida\/wp-json\/wp\/v2\/media?parent=2509"}],"curies":[{"name":"wp","href":"https:\/\/api.w.org\/{rel}","templated":true}]}}