{"id":2521,"date":"2015-10-19T11:34:04","date_gmt":"2015-10-19T09:34:04","guid":{"rendered":"http:\/\/www.calcoloratamutuo.org\/guida\/?page_id=2521"},"modified":"2015-10-19T11:34:04","modified_gmt":"2015-10-19T09:34:04","slug":"surroga-mutuo-assicurazione","status":"publish","type":"page","link":"http:\/\/www.calcoloratamutuo.org\/guida\/surroga-mutuo-assicurazione","title":{"rendered":"Surroga mutuo e assicurazione: problemi frequenti e soluzioni"},"content":{"rendered":"<h1>Domanda<\/h1>\n<p><em>Salve,<br \/>\nvolevo avere informazioni sul seguente caso specifico:<br \/>\nCaso di <strong>trasferimento di un mutuo<\/strong> da banca A a banca B.<br \/>\nLa banca B, che subentra, necessita del vincolo a suo favore della <a href=\"http:\/\/www.calcoloratamutuo.org\/guida\/polizza-incendio-scoppio\"><strong>polizza incendio<\/strong><\/a>, qualche giorno prima dell\u2019atto, per poter preparare i contratti.<br \/>\nLa Compagnia di assicurazioni per emettere il vincolo a favore della banca B, necessita del benestare di banca A.<br \/>\nBanca A non concede benestare al trasferimento del vincolo a banca B, se non il giorno dell\u2019atto, cio\u00e8 quando avr\u00e0 i soldi in mano.<br \/>\nLa compagnia di assicurazione comunica di non poter emettere nemmeno un vincolo di 2^ grado.<br \/>\nBisogna per forza emettere una nuova polizza oppure c\u2019\u00e8 qualche direttiva che obbliga la Compagnia di Assicurazioni e le Banche a collaborare?<br \/>\nEsiste qualche espediente per districarsi al meglio?<\/em><\/p>\n<p><em>Ringrazio e saluto.<\/em><\/p>\n<h1>Risposta<\/h1>\n<p>In questo caso a lei \u00e8 stata proposta una <strong>surroga di mutuo con assicurazione contestuale<\/strong>, ovvero sta trasferendo sia il finanziamento sull\u2019immobile che l\u2019assicurazione incendio e scoppio a suo tempo stipulata. <\/p>\n<p>Fermo restando che la variazione del vincolo avviene con una semplice annotazione, a margine del contratto, perch\u00e9 ne risulti beneficiaria la nuova banca subentrante (il che permetterebbe una procedura veloce senza troppi intoppi) ed in mancanza di flessibilit\u00e0 da parte dei vari soggetti coinvolti, la soluzione pi\u00f9 semplice \u00e8 quella della <strong>stipula di una nuova polizza<\/strong> (vedi anche <a href=\"http:\/\/www.calcoloratamutuo.org\/guida\/costo-assicurazione-mutuo\"><strong>Costi polizza mutuo<\/strong><\/a>). <\/p>\n<p>Se non altro, in base alle novit\u00e0 stabilite dall\u2019Isvap la compagnia di assicurazione attuale <strong>deve restituire la quota di premio pagato per il quale non c\u2019\u00e8 stato alcun godimento della copertura<\/strong> (attenzione per\u00f2, bisogna vedere se e come questo va richiesto, per evitare ritardi e piccoli intoppi). Quindi non si rischia pi\u00f9, come avveniva fino a qualche anno fa (prima del 2010), di pagare due volte il premio.<\/p>\n<p>Se si \u00e8 soddisfatti del rapporto qualit\u00e0 e prezzo della polizza attualmente in essere si pu\u00f2 eventualmente prima comunicare alla compagnia di assicurazione questo orientamento, per vedere se si giunge ad un accordo. In alternativa pu\u00f2 essere utile vedere se la banca subentrante ha delle proposte vantaggiose, oppure si pu\u00f2 anche scegliere di chiudere la vecchia polizza (sempre con restituzione del premio) e stipularne una nuova sempre con la stessa compagnia. In ogni caso, se si dovesse scegliere di stipulare un\u2019assicurazione nuova bisogna farlo sull\u2019importo residuo del capitale da rimborsare, e non su quello originariamente concesso.<\/p>\n","protected":false},"excerpt":{"rendered":"<p>Domanda Salve, volevo avere informazioni sul seguente caso specifico: Caso di trasferimento di un mutuo da banca A a banca<a class=\"read-more\" href=\"http:\/\/www.calcoloratamutuo.org\/guida\/surroga-mutuo-assicurazione\">Continua a leggere<\/a><\/p>\n","protected":false},"author":1,"featured_media":0,"parent":0,"menu_order":0,"comment_status":"closed","ping_status":"closed","template":"","meta":[],"_links":{"self":[{"href":"http:\/\/www.calcoloratamutuo.org\/guida\/wp-json\/wp\/v2\/pages\/2521"}],"collection":[{"href":"http:\/\/www.calcoloratamutuo.org\/guida\/wp-json\/wp\/v2\/pages"}],"about":[{"href":"http:\/\/www.calcoloratamutuo.org\/guida\/wp-json\/wp\/v2\/types\/page"}],"author":[{"embeddable":true,"href":"http:\/\/www.calcoloratamutuo.org\/guida\/wp-json\/wp\/v2\/users\/1"}],"replies":[{"embeddable":true,"href":"http:\/\/www.calcoloratamutuo.org\/guida\/wp-json\/wp\/v2\/comments?post=2521"}],"version-history":[{"count":4,"href":"http:\/\/www.calcoloratamutuo.org\/guida\/wp-json\/wp\/v2\/pages\/2521\/revisions"}],"predecessor-version":[{"id":2525,"href":"http:\/\/www.calcoloratamutuo.org\/guida\/wp-json\/wp\/v2\/pages\/2521\/revisions\/2525"}],"wp:attachment":[{"href":"http:\/\/www.calcoloratamutuo.org\/guida\/wp-json\/wp\/v2\/media?parent=2521"}],"curies":[{"name":"wp","href":"https:\/\/api.w.org\/{rel}","templated":true}]}}