{"id":2539,"date":"2015-10-19T12:09:15","date_gmt":"2015-10-19T10:09:15","guid":{"rendered":"http:\/\/www.calcoloratamutuo.org\/guida\/?page_id=2539"},"modified":"2015-10-19T12:11:18","modified_gmt":"2015-10-19T10:11:18","slug":"mutuo-chirografario-aziende","status":"publish","type":"page","link":"http:\/\/www.calcoloratamutuo.org\/guida\/mutuo-chirografario-aziende","title":{"rendered":"Mutuo chirografario per aziende: cos\u2019\u00e8 e come funziona?"},"content":{"rendered":"<h1>Domanda<\/h1>\n<p><em>Buongiorno,<br \/>\nvorrei rilevare un\u2019 attivit\u00e0. \u00c8 possibile richiedere il mutuo chirografario? Quali banche lo fanno?<\/em><\/p>\n<p><em>Grazie<\/em><\/p>\n<h1>Risposta<\/h1>\n<p>La maggioranza delle banche prevede una discreta scelta di offerte sulla tipologia del mutuo chirografario per aziende, ovvero pensato proprio per lo svolgimento, ampliamento, riorganizzazione delle attivit\u00e0, ecc. <\/p>\n<p>Ad esempio ci sono <strong><a href=\"http:\/\/www.calcoloratamutuo.org\/guida\/intesa-sanpaolo\">Intesa Sanpaolo<\/a>, <a href=\"http:\/\/www.calcoloratamutuo.org\/guida\/bnl\">Bnl<\/a>, <a href=\"http:\/\/www.calcoloratamutuo.org\/guida\/unicredit\">Unicredit<\/a>, <a href=\"http:\/\/www.calcoloratamutuo.org\/guida\/bcc\">Bcc<\/a>, <a href=\"http:\/\/www.calcoloratamutuo.org\/guida\/credem\">Credem<\/a><\/strong> od ancora istituti un po\u2019 pi\u00f9 \u2018specializzati\u2019 come <strong>Banca Mediocredito<\/strong>. Il vero problema si pu\u00f2 per\u00f2 avere per le garanzie, specialmente quando si \u00e8 nella fase di avvio dell\u2019attivit\u00e0. <\/p>\n<p>A riguardo infatti, gi\u00e0 la maggioranza dei fogli informativi restringe le possibilit\u00e0 di accesso, a meno di presentazione di maggiori garanzie personali, come reddito da altro lavoro o proveniente da altre persone.<\/p>\n<p>Il tutto dipende ovviamente sia <strong>dal tipo di attivit\u00e0 da rilevare<\/strong> (alcune sono considerate pi\u00f9 affidabili), che <strong>dai requisiti soggettivi<\/strong> che si possiedono. Qui lei non ha specificato se \u00e8 un under 36 o ha 40 anni (come nel caso del settore agricolo), e l\u2019importo di cui necessiterebbe, e tantomeno la percentuale di copertura che dovrebbe provenire dalla richiesta del mutuo stesso. <\/p>\n<p>Scartare a priori le forme pi\u00f9 convenienti (come i fondi e finanziamenti europei, ed il <strong>microcredito<\/strong>) potrebbe essere un grande errore, sia perch\u00e9 si hanno una serie di agevolazioni (come tassi convenzionati in media pi\u00f9 bassi o facilitazioni tramite il sistema dei fondi di garanzia pensati per l\u2019accesso alle somme di cui si ha bisogno), e sia perch\u00e9, di norma, i finanziamenti della Ue per l\u2019incentivazione ed il sostegno di avvio di attivit\u00e0 economiche sono a <strong>fondo perduto<\/strong> almeno per una percentuale (vedi anche <a href=\"http:\/\/www.calcoloratamutuo.org\/guida\/finanziamenti-agevolati\"><strong>Finanziamenti agevolati<\/strong><\/a>). <\/p>\n<p>Quindi la prima cosa da fare \u00e8 vedere se nella propria regione al momento ci sono dei fondi attivi (vengono concessi normalmente con bandi fino a esaurimento del plafond stanziato a meno di situazioni organizzate con <strong>fondi rotativi<\/strong>), oppure se c\u2019\u00e8 disponibilit\u00e0 e condizioni in base a quanto riportato su Invitalia. <\/p>\n<p>In tutti i casi, sperare di ottenere il 100% della somma necessaria per rilevare l\u2019attivit\u00e0, puntando solamente sul \u201cmerito\u201d desumibile dal bilancio della gestione precedente (che non \u00e8 detto sia replicabile, secondo le valutazioni della banca, anche da quella futura), si traduce in una perdita di tempo.<\/p>\n","protected":false},"excerpt":{"rendered":"<p>Domanda Buongiorno, vorrei rilevare un\u2019 attivit\u00e0. \u00c8 possibile richiedere il mutuo chirografario? Quali banche lo fanno? Grazie Risposta La maggioranza<a class=\"read-more\" href=\"http:\/\/www.calcoloratamutuo.org\/guida\/mutuo-chirografario-aziende\">Continua a leggere<\/a><\/p>\n","protected":false},"author":1,"featured_media":0,"parent":0,"menu_order":0,"comment_status":"closed","ping_status":"closed","template":"","meta":[],"_links":{"self":[{"href":"http:\/\/www.calcoloratamutuo.org\/guida\/wp-json\/wp\/v2\/pages\/2539"}],"collection":[{"href":"http:\/\/www.calcoloratamutuo.org\/guida\/wp-json\/wp\/v2\/pages"}],"about":[{"href":"http:\/\/www.calcoloratamutuo.org\/guida\/wp-json\/wp\/v2\/types\/page"}],"author":[{"embeddable":true,"href":"http:\/\/www.calcoloratamutuo.org\/guida\/wp-json\/wp\/v2\/users\/1"}],"replies":[{"embeddable":true,"href":"http:\/\/www.calcoloratamutuo.org\/guida\/wp-json\/wp\/v2\/comments?post=2539"}],"version-history":[{"count":4,"href":"http:\/\/www.calcoloratamutuo.org\/guida\/wp-json\/wp\/v2\/pages\/2539\/revisions"}],"predecessor-version":[{"id":2544,"href":"http:\/\/www.calcoloratamutuo.org\/guida\/wp-json\/wp\/v2\/pages\/2539\/revisions\/2544"}],"wp:attachment":[{"href":"http:\/\/www.calcoloratamutuo.org\/guida\/wp-json\/wp\/v2\/media?parent=2539"}],"curies":[{"name":"wp","href":"https:\/\/api.w.org\/{rel}","templated":true}]}}