{"id":3232,"date":"2016-07-04T10:39:36","date_gmt":"2016-07-04T08:39:36","guid":{"rendered":"http:\/\/www.calcoloratamutuo.org\/guida\/?page_id=3232"},"modified":"2019-07-05T11:16:57","modified_gmt":"2019-07-05T09:16:57","slug":"mutui-bhw","status":"publish","type":"page","link":"http:\/\/www.calcoloratamutuo.org\/guida\/mutui-bhw","title":{"rendered":"Mutui Bhw: attenzione ai conteggi d\u2019estinzione"},"content":{"rendered":"<h1>Domanda<\/h1>\n<p><em>Buongiorno,<br \/>\nqualcuno si \u00e8 mai imbattuto in un mutuo BHW? Ho stipulato il contratto con BHW (fondiario a due fasi) nel 2004 e vorrei estinguerlo prossimamente. Il mutuo richiesto era di euro 90.000 a tasso fisso di 4,75%. La rata mensile \u00e8 di euro 654 euro. Ora, volendo estinguerlo mi sono fatta fare un <a href=\"http:\/\/www.calcoloratamutuo.org\/guida\/piano-ammortamento\"><strong>piano di ammortamento<\/strong><\/a> al 30\/04\/2016. Mi chiedono pi\u00f9 di euro 7.000 di interesse.<br \/>\nE\u2019 giusto? Qualcuno ha esperienza con questa Banca?<\/em><\/p>\n<h1>Risposta<\/h1>\n<p>La <strong>banca BHW<\/strong> \u00e8 nota per aver lavorato soprattutto sui <a href=\"http:\/\/www.calcoloratamutuo.org\/guida\/mutuo-strutturato\"><strong>mutui strutturati<\/strong><\/a> (che non sempre sono di facile comprensione per i mutuatari) e per la grande diffusione figlia soprattutto delle convenzioni (come <a href=\"http:\/\/www.calcoloratamutuo.org\/guida\/mutuo-militari\"><strong>militari<\/strong><\/a>, carabinieri, casse previdenziali, ecc). <\/p>\n<p>Nel caso particolare, al di l\u00e0 delle vicissitudini che hanno via via fatto retrocedere l\u2019offerta sui mutui e le varie recensioni e opinioni ravvisabili anche nei forum, che hanno messo in evidenza non pochi problemi, sia di chiarezza che di comunicazione (specialmente nel caso di estinzione anticipata),<strong> fare un calcolo esatto degli interessi richiesti per estinzione anticipata non \u00e8 possibile<\/strong>, per la mancanza di numerose informazioni (vedi anche <a href=\"http:\/\/www.calcoloratamutuo.org\/guida\/estinzione-anticipata-conviene\"><strong>Conviene l&#8217;estinzione anticipata del mutuo?<\/strong><\/a>).<\/p>\n<p><em>Ad esempio: nella rata \u00e8 presente anche la spesa di incasso rid? Quanto \u00e8 la durata originaria del mutuo? Si paga anche una quota dell\u2019assicurazione casa o di altro tipo di copertura assicurativa?.<\/em> (vedi anche <a href=\"http:\/\/www.calcoloratamutuo.org\/guida\/assicurazione-mutuo\"><strong>Assicurazione Mutuo<\/strong><\/a>)<\/p>\n<p>Tuttavia possiamo dare degli strumenti per poter fare una valutazione, in funzione dei dati che si hanno sul proprio contratto. I dati necessari sono:<\/p>\n<ul>\n<li><strong>penale di estinzione anticipata<\/strong> (si tratta di un mutuo comunque stipulato prima della legge Bersani, e per il quale non si specifica alcuna durata);<\/li>\n<li>durata del piano di ammortamento totale dalla stipula;<\/li>\n<li>caratteristiche e presenza di un eventuale <strong>preammortamento<\/strong>.<\/li>\n<\/ul>\n<p>Una volta in possesso di questi dati \u00e8 possibile utilizzare dei calcolatori online per poter stimare in modo pi\u00f9 preciso se la richiesta \u00e8 congrua oppure esagerata. <\/p>\n<p>Fermo restando che, a causa dell\u2019<strong>ammortamento alla francese<\/strong>, potrebbe essere una cifra ragionevole (soprattutto perch\u00e9 molto probabilmente \u00e8 comprensiva della penale di estinzione) ma sempre in relazione al piano di ammortamento nel suo complesso e al momento in cui effettivamente ha iniziato a rimborsare il capitale e non solo gli interessi (una problematica che spesso ha afflitto i mutui strutturati soprattutto in principio).<\/p>\n<p>Data la penuria di informazioni chiare a riguardo, l\u2019unico ulteriore possibile consiglio \u00e8 quello di richiedere dei conteggi di estinzione che mettano in evidenza le varie voci di spesa presenti (interessi dovuti, penale di estinzione, spese amministrative, ecc). Quindi andare con il foglio ad un centro che si occupa della perizia econometrica o della valutazione della presenza del <strong>tasso di usura<\/strong>. Quindi decidere di conseguenza, qualora ci fossero delle irregolarit\u00e0.<\/p>\n","protected":false},"excerpt":{"rendered":"<p>Domanda Buongiorno, qualcuno si \u00e8 mai imbattuto in un mutuo BHW? Ho stipulato il contratto con BHW (fondiario a due<a class=\"read-more\" href=\"http:\/\/www.calcoloratamutuo.org\/guida\/mutui-bhw\">Continua a leggere<\/a><\/p>\n","protected":false},"author":1,"featured_media":0,"parent":0,"menu_order":0,"comment_status":"closed","ping_status":"closed","template":"","meta":[],"_links":{"self":[{"href":"http:\/\/www.calcoloratamutuo.org\/guida\/wp-json\/wp\/v2\/pages\/3232"}],"collection":[{"href":"http:\/\/www.calcoloratamutuo.org\/guida\/wp-json\/wp\/v2\/pages"}],"about":[{"href":"http:\/\/www.calcoloratamutuo.org\/guida\/wp-json\/wp\/v2\/types\/page"}],"author":[{"embeddable":true,"href":"http:\/\/www.calcoloratamutuo.org\/guida\/wp-json\/wp\/v2\/users\/1"}],"replies":[{"embeddable":true,"href":"http:\/\/www.calcoloratamutuo.org\/guida\/wp-json\/wp\/v2\/comments?post=3232"}],"version-history":[{"count":6,"href":"http:\/\/www.calcoloratamutuo.org\/guida\/wp-json\/wp\/v2\/pages\/3232\/revisions"}],"predecessor-version":[{"id":6259,"href":"http:\/\/www.calcoloratamutuo.org\/guida\/wp-json\/wp\/v2\/pages\/3232\/revisions\/6259"}],"wp:attachment":[{"href":"http:\/\/www.calcoloratamutuo.org\/guida\/wp-json\/wp\/v2\/media?parent=3232"}],"curies":[{"name":"wp","href":"https:\/\/api.w.org\/{rel}","templated":true}]}}