{"id":74,"date":"2013-05-10T18:36:19","date_gmt":"2013-05-10T16:36:19","guid":{"rendered":"http:\/\/www.calcoloratamutuo.org\/guida\/?page_id=74"},"modified":"2020-04-01T10:50:59","modified_gmt":"2020-04-01T08:50:59","slug":"esperto-mutui","status":"publish","type":"page","link":"http:\/\/www.calcoloratamutuo.org\/guida\/esperto-mutui","title":{"rendered":"FAQ mutui: domande e risposte chiare"},"content":{"rendered":"<h1>Domande frequenti mutui casa<\/h1>\n<p><a href=\"http:\/\/www.calcoloratamutuo.org\/guida\/come-ottenere-mutuo\"><em>Come fare per ottenere un mutuo ?<\/a><br \/>\nMeglio <a href=\"http:\/\/www.calcoloratamutuo.org\/guida\/fisso-o-variabile\"><strong>tasso fisso o variabile ?<\/strong><\/a><br \/>\nCome ottenere la sospensione delle rate ?<\/em><\/p>\n<p>L&#8217;acquisto della casa \u00e8 un momento molto importante e delicato della nostra vita, e lasciare tutto al caso potrebbe costarci veramente caro: la scelta di oggi si rifletter\u00e0 in positivo o in negativo fino alla scadenza del mutuo.<\/p>\n<h3>Elenco FAQ<\/h3>\n<ul>\n<li><a href=\"http:\/\/www.calcoloratamutuo.org\/guida\/estinzione-parziale-oggi\">Conviene estinguere parzialmente oggi?<\/a><\/li>\n<li><a href=\"http:\/\/www.calcoloratamutuo.org\/guida\/detrazione-interessi-consolidamento\">Posso detrarre gli interessi del mutuo consolidamento e liquidit\u00e0 ?<\/a><\/li>\n<li><a href=\"http:\/\/www.calcoloratamutuo.org\/guida\/modalita-calcolo-estinzione-anticipata\">Qual&#8217;\u00e8 la modalit\u00e0 di calcolo di una estinzione anticipata?<\/a><\/li>\n<li><a href=\"http:\/\/www.calcoloratamutuo.org\/guida\/rinegoziazione-tasso-variabile-cap-garantito\">Conviene una rinegoziazione a tasso variabile con cap garantito 10 anni ?<\/a><\/li>\n<li><a href=\"http:\/\/www.calcoloratamutuo.org\/guida\/fondo-solidarieta-abbassare-rata\">Non posso accedere al fondo di solidariet\u00e0: come ridurre la rata?<\/a><\/li>\n<li><a href=\"http:\/\/www.calcoloratamutuo.org\/guida\/confronto-mutui-rata-bassa-tasso-alto\">Confronto 2 mutui: perch\u00e8 la rata \u00e8 pi\u00f9 bassa con il tasso pi\u00f9 alto?<\/a><\/li>\n<li><a href=\"http:\/\/www.calcoloratamutuo.org\/guida\/versamento-aggiuntivo-rata\">Estinzione parziale mutuo: quanto conviene dal punto di vista fiscale ?<\/a><\/li>\n<li><a href=\"http:\/\/www.calcoloratamutuo.org\/guida\/cambio-tasso-variabile-fisso\">Rata mutuo a tasso variabile bassa: oggi conviene passare al fisso?<\/a><\/li>\n<li><a href=\"http:\/\/www.calcoloratamutuo.org\/guida\/vendita-immobile-figlio\">Vendita tra parenti: posso vendere un immobile a figlio e ottenere mutuo ?<\/a><\/li>\n<li><a href=\"http:\/\/www.calcoloratamutuo.org\/guida\/eliminare-garante-mutuo\">Come togliere o rimuovere cointestatario e garante di un mutuo ?<\/a><\/li>\n<li><a href=\"http:\/\/www.calcoloratamutuo.org\/guida\/cancellazione-ipoteca-surroga-cartolarizzazione\">Surroga, cartolarizzazione ed estinzione mutuo: chi provvede alla cancellazione ipoteca ?<br \/>\n<\/a><\/li>\n<li><a href=\"http:\/\/www.calcoloratamutuo.org\/guida\/ricorso-arbitro-bancario-errore\">Problemi con il calcolo della rata del mutuo? Ecco come fare richiesta all&#8217;Arbitro Bancario.<br \/>\n<\/a><\/li>\n<li><a href=\"http:\/\/www.calcoloratamutuo.org\/guida\/mutui-liquidita-fisso-o-variabile\">Mutuo liquidit\u00e0: meglio un tasso fisso al 5,35% od il variabile?<br \/>\n<\/a><\/li>\n<li><a href=\"http:\/\/www.calcoloratamutuo.org\/guida\/confronto-trentennale-fisso-variabile\">Conviene passare da un mutuo 30 anni a tasso fisso ad uno variabile?<br \/>\n<\/a><\/li>\n<li><a href=\"http:\/\/www.calcoloratamutuo.org\/guida\/riduzione-rata-rimborso-parziale\">Di quanto si riduce la rata del mutuo dopo l&#8217;estinzione parziale?<br \/>\n<\/a><\/li>\n<li><a href=\"http:\/\/www.calcoloratamutuo.org\/guida\/divorzio-separazione-cointestato\">Come uscire dal mutuo in caso di separazione?<br \/>\n<\/a><\/li>\n<li><a href=\"http:\/\/www.calcoloratamutuo.org\/guida\/conto-cointestato-segnalazione-crif\">Conto corrente cointestato e segnalazione Crif: possibili problemi per l&#8217;erogazione del mutuo?<br \/>\n<\/a><\/li>\n<li><a href=\"http:\/\/www.calcoloratamutuo.org\/guida\/mutui-perizia-soluzioni\">Ho ricevuto una perizia bassa che non mi permette l&#8217;erogazione del mutuo, che fare?<br \/>\n<\/a><\/li>\n<li><a href=\"http:\/\/www.calcoloratamutuo.org\/guida\/fisso-o-variabile-cap\">Meglio passare da un mutuo tasso fisso ad uno variabile con Cap?<\/a><\/li>\n<li><a href=\"http:\/\/www.calcoloratamutuo.org\/guida\/tasso-variabile-capitale-reale\">Mutuo tasso variabile: come calcolare il tasso ed il capitale reale?<\/a><\/li>\n<li><a href=\"http:\/\/www.calcoloratamutuo.org\/guida\/comprare-casa-accollo-nuovo-mutuo\">Ho il 50% di una casa con mutuo. Per acquistare il resto meglio l&#8217;accollo od un nuovo mutuo?<\/a><\/li>\n<li><a href=\"http:\/\/www.calcoloratamutuo.org\/guida\/surroga-mutuo-inpdap\">Rinegoziazione, estinzione anticipata o surroga di un mutuo inps: qual \u00e8 la scelta migliore?<\/a><\/li>\n<li><a href=\"http:\/\/www.calcoloratamutuo.org\/guida\/prestito-ristrutturazione-casa\">Come ottenere un mutuo od un prestito per ristrutturazione casa: ipoteca o garante?<\/a><\/li>\n<li><a href=\"http:\/\/www.calcoloratamutuo.org\/guida\/mutuo-nullo-annullabile\">Vizio del consenso: mutuo nullo od annullabile?<\/a><\/li>\n<li><a href=\"http:\/\/www.calcoloratamutuo.org\/guida\/detrazione-interessi-passivi-cointestato\">Come funziona la detrazione degli interessi passivi di un mutuo cointestato?<\/a><\/li>\n<li><a href=\"http:\/\/www.calcoloratamutuo.org\/guida\/garanzie-mutuo\">Quali garanzie per il mutuo pu\u00f2 richiedere la banca?<\/a><\/li>\n<li><a href=\"http:\/\/www.calcoloratamutuo.org\/guida\/spese-surroga-mutuo\">Quali sono le spese di surroga da affrontare in caso di rinuncia?<\/a><\/li>\n<li><a href=\"http:\/\/www.calcoloratamutuo.org\/guida\/garante-puo-chiedere-mutuo\">Quando e come \u00e8 possibile \u2018togliersi\u2019 da garante in un prestito?<\/a><\/li>\n<li><a href=\"http:\/\/www.calcoloratamutuo.org\/guida\/rapporto-rata-reddito\">Esiste la possibilit\u00e0 di aumentare il rapporto rata reddito nella richiesta di un mutuo?<\/a><\/li>\n<li><a href=\"http:\/\/www.calcoloratamutuo.org\/guida\/cointestatario-o-garante-mutuo\">Cointestatario o garante mutuo: quale la scelta migliore?<\/a><\/li>\n<li><a href=\"http:\/\/www.calcoloratamutuo.org\/guida\/mutui-neoassunti\">Mutuo per neoassunti e contratto a tutele crescenti: occasione o complicazione?<\/a><\/li>\n<li><a href=\"http:\/\/www.calcoloratamutuo.org\/guida\/surroga-mutuo-assicurazione\">Assicurazione mutuo: cosa succede alla polizza incendo\/furto in caso di surroga?<\/a><\/li>\n<li><a href=\"http:\/\/www.calcoloratamutuo.org\/guida\/acquisto-piu-ristrutturazione\">Mutuo acquisto pi\u00f9 ristrutturazione: \u00e8 possibile senza garanzia d\u2019ipoteca?<\/a><\/li>\n<li><a href=\"http:\/\/www.calcoloratamutuo.org\/guida\/disoccupati\">Mutuo per disoccupati: meglio con garante o coobbligato?<\/a><\/li>\n<li><a href=\"http:\/\/www.calcoloratamutuo.org\/guida\/mutuo-chirografario-aziende\">Le altenative al mutuo chirografario per aziende: fondi o microcredito?<\/a><\/li>\n<li><a href=\"http:\/\/www.calcoloratamutuo.org\/guida\/rimborso-assicurazione-mutuo\">Trasloco del mutuo: meglio il rimborso o continuare con la stessa assicurazione?<\/a><\/li>\n<li><a href=\"http:\/\/www.calcoloratamutuo.org\/guida\/mutui-bhw\"> Estinzione anticipata mutuo Bhw: come controllare i calcoli?<\/a><\/li>\n<li><a href=\"http:\/\/www.calcoloratamutuo.org\/guida\/mutuo-cointestato-conviventi\"> \u00c8 possibile modificare un mutuo cointestato senza il consenso di uno dei due conviventi?<\/a><\/li>\n<li><a href=\"http:\/\/www.calcoloratamutuo.org\/guida\/mutuo-over-60\">Over 60: qual \u00e8 la durata massima di un mutuo?<\/a><\/li>\n<li><a href=\"http:\/\/www.calcoloratamutuo.org\/guida\/mutuo-tasso-fisso-oggi\">Mutuo a tasso fisso o variabile oggi: quale conviene di pi\u00f9?<\/a><\/li>\n<li><a href=\"http:\/\/www.calcoloratamutuo.org\/guida\/fattibilita-mutuo\">Parere di fattibilit\u00e0: come avere la certezza di ottenere un mutuo al 100%?<\/a><\/li>\n<li><a href=\"http:\/\/www.calcoloratamutuo.org\/guida\/prima-casa-senza-residenza\">Prima casa senza residenza: cosa dice la legge?<\/a><\/li>\n<li><a href=\"http:\/\/www.calcoloratamutuo.org\/guida\/mutuo-fedina-penale-sporca\">Fedina penale sporca: \u00e8 possibile richiedere un mutuo?<\/a><\/li>\n<li><a href=\"http:\/\/www.calcoloratamutuo.org\/guida\/surroga-mutuo-rate-arretrate\">Si pu\u00f2 richiedere una mutuo surroga con rate arretrate o non pagate?<\/a><\/li>\n<li><a href=\"http:\/\/www.calcoloratamutuo.org\/guida\/surroga-fideiussore\">Mutuo ipotecario e fideiussore: cosa succede in caso di surrogazione?<\/a><\/li>\n<li><a href=\"http:\/\/www.calcoloratamutuo.org\/guida\/tasso-fisso-finito\">Cos\u2019\u00e8 il tasso fisso finito?<\/a><\/li>\n<li><a href=\"http:\/\/www.calcoloratamutuo.org\/guida\/mutuo-100-seconda-casa\">E\u2019 possibile ottenere un mutuo 100% per acquisto seconda casa?<\/a><\/li>\n<li><a href=\"http:\/\/www.calcoloratamutuo.org\/guida\/agevolazione-prima-casa-successione\">Agevolazione prima casa: cosa succede in caso di successione?<\/a><\/li>\n<li><a href=\"https:\/\/www.calcoloratamutuo.org\/guida\/doppio-mutuo\">Doppio mutuo: \u00e8 possibile e conviene?<\/a><\/li>\n<li><a href=\"https:\/\/www.calcoloratamutuo.org\/guida\/acquisto-casa-con-fratelli-frazionamento-divisione-mutuo\">Acquisto casa con fratelli: frazionamento e divisione mutuo?<\/a><\/li>\n<li><a href=\"https:\/\/www.calcoloratamutuo.org\/guida\/liberare-garante-mutuo-sostituzione-ristrutturazione-prima-casa\">Sostituzione mutuo ristrutturazione casa: come liberare un garante?<\/a><\/li>\n<li><a href=\"https:\/\/www.calcoloratamutuo.org\/guida\/problema-mutuo-casa-ereditata-prima-casa\">Problema mutuo casa ereditata: diventa prima casa?<\/a><\/li>\n<li><a href=\"https:\/\/www.calcoloratamutuo.org\/guida\/mutuo-sostituzione-casa-box-auto\">Mutuo casa con box auto &#8211; E\u2019 possibile la sostituzione?<\/a><\/li>\n<li><a href=\"https:\/\/www.calcoloratamutuo.org\/guida\/mutuo-lavoratore-esodato\">Mutuo lavoratore esodato: quali soluzioni? <\/a><\/li>\n<\/ul>\n","protected":false},"excerpt":{"rendered":"<p>Domande frequenti mutui casa Come fare per ottenere un mutuo ? Meglio tasso fisso o variabile ? Come ottenere la<a class=\"read-more\" href=\"http:\/\/www.calcoloratamutuo.org\/guida\/esperto-mutui\">Continua a leggere<\/a><\/p>\n","protected":false},"author":1,"featured_media":257,"parent":0,"menu_order":0,"comment_status":"open","ping_status":"open","template":"","meta":[],"_links":{"self":[{"href":"http:\/\/www.calcoloratamutuo.org\/guida\/wp-json\/wp\/v2\/pages\/74"}],"collection":[{"href":"http:\/\/www.calcoloratamutuo.org\/guida\/wp-json\/wp\/v2\/pages"}],"about":[{"href":"http:\/\/www.calcoloratamutuo.org\/guida\/wp-json\/wp\/v2\/types\/page"}],"author":[{"embeddable":true,"href":"http:\/\/www.calcoloratamutuo.org\/guida\/wp-json\/wp\/v2\/users\/1"}],"replies":[{"embeddable":true,"href":"http:\/\/www.calcoloratamutuo.org\/guida\/wp-json\/wp\/v2\/comments?post=74"}],"version-history":[{"count":73,"href":"http:\/\/www.calcoloratamutuo.org\/guida\/wp-json\/wp\/v2\/pages\/74\/revisions"}],"predecessor-version":[{"id":4117,"href":"http:\/\/www.calcoloratamutuo.org\/guida\/wp-json\/wp\/v2\/pages\/74\/revisions\/4117"}],"wp:featuredmedia":[{"embeddable":true,"href":"http:\/\/www.calcoloratamutuo.org\/guida\/wp-json\/wp\/v2\/media\/257"}],"wp:attachment":[{"href":"http:\/\/www.calcoloratamutuo.org\/guida\/wp-json\/wp\/v2\/media?parent=74"}],"curies":[{"name":"wp","href":"https:\/\/api.w.org\/{rel}","templated":true}]}}